{"id":3752,"date":"2021-03-01T16:59:56","date_gmt":"2021-03-01T15:59:56","guid":{"rendered":"https:\/\/laespiral.deusto.es\/kolaboratzaileak\/"},"modified":"2025-04-16T22:45:44","modified_gmt":"2025-04-16T20:45:44","slug":"kolaboratzaileak","status":"publish","type":"page","link":"https:\/\/laespiral.deusto.es\/eu\/lantaldea\/kolaboratzaileak\/","title":{"rendered":"Kolaboratzaileak"},"content":{"rendered":"<p>Bilatu ordena alfabetikoan:<\/p>\n<h3><a href=\"#a\">A<\/a> | <a href=\"#b\">B<\/a> | <a href=\"#c\">C<\/a> | <a href=\"#d\">D<\/a> | <a href=\"#e\">E<\/a> | <a href=\"#f\">F<\/a> | <a href=\"#g\">G<\/a> | <a href=\"#h\">H<\/a> | <a href=\"#i\">I<\/a> | <a href=\"#j\">J<\/a> | <a href=\"#k\">K<\/a> | <a href=\"#l\">L<\/a> | <a href=\"#m\">M<\/a> | <a href=\"#n\">N<\/a> | <a href=\"#o\">O<\/a> | <a href=\"#p\">P<\/a> | <a href=\"#r\">R<\/a> | <a href=\"#s\">S<\/a> | <a href=\"#u\">U<\/a> | <a href=\"#v\">V<\/a> | <a href=\"#z\">Z<\/a><\/h3>\n<hr \/>\n<p><strong><a id=\"a\"><\/a>A<\/strong><\/p>\n<ul>\n<li><a href=\"https:\/\/laespiral.deusto.es\/eu\/author\/adrianalmeida93hotmail-com\/\">Adri\u00e1n Almeida D\u00edez<\/a><\/li>\n<li><a href=\"https:\/\/laespiral.deusto.es\/eu\/author\/iktyergaagmail-com\/\">Aisha Yerga<\/a><\/li>\n<li><a href=\"https:\/\/laespiral.deusto.es\/eu\/author\/aitor-seijasopendeusto-es\/\">Aitor Seijas<\/a><\/li>\n<li><a href=\"https:\/\/laespiral.deusto.es\/eu\/author\/a-saizj06gmail-com\/\">Alejandra Saiz<\/a><\/li>\n<li><a href=\"https:\/\/laespiral.deusto.es\/eu\/author\/alejandro-molina-bravogmail-com\/\">Alejandro Molina Bravo<\/a><\/li>\n<li><a href=\"https:\/\/laespiral.deusto.es\/eu\/author\/alexzl8991gmail-com\/\">Alejandro Zamora Landa<\/a><\/li>\n<li><a href=\"https:\/\/laespiral.deusto.es\/eu\/author\/alessia-desogus\/\">Alessia Desogus<\/a><\/li>\n<li><a href=\"https:\/\/laespiral.deusto.es\/eu\/author\/alfmararghotmail-com\/\">Alfredo Mart\u00ednez Arg\u00fcelles<\/a><\/li>\n<li><a href=\"https:\/\/laespiral.deusto.es\/eu\/author\/amets-rodrigo\/\">Amets Rodrigo<\/a><\/li>\n<li><a href=\"https:\/\/laespiral.deusto.es\/eu\/author\/ana-egeapgmail-com\/\">Ana Egea<\/a><\/li>\n<li><a href=\"https:\/\/laespiral.deusto.es\/eu\/author\/anay-sala\/\">Anay Sala<\/a><\/li>\n<li><a href=\"https:\/\/laespiral.deusto.es\/eu\/author\/andreamomoitiogmail-com\/\">Andrea Momoitio<\/a><\/li>\n<li><a href=\"https:\/\/laespiral.deusto.es\/eu\/author\/aniabeltrangmail-com\/\">Ania Beltr\u00e1n<\/a><\/li>\n<li><a href=\"https:\/\/laespiral.deusto.es\/eu\/author\/srblanco10hotmail-com\/\">Antonio Blanco<\/a><\/li>\n<li><a href=\"https:\/\/laespiral.deusto.es\/eu\/author\/aristoteles-johns\/\">Arist\u00f3teles Johns<\/a><\/li>\n<li><a href=\"https:\/\/laespiral.deusto.es\/eu\/author\/asier-artechegmail-com\/\">Asier Arteche<\/a><\/li>\n<li><a href=\"https:\/\/laespiral.deusto.es\/eu\/author\/asunmartinezgmail-com\/\">Asun Mart\u00ednez Ezketa<\/a><\/li>\n<\/ul>\n<hr \/>\n<p><strong><a id=\"b\"><\/a>B<\/strong><\/p>\n<ul>\n<li><a href=\"https:\/\/laespiral.deusto.es\/eu\/author\/belen-lucas\/\">Bel\u00e9n Lucas<\/a><\/li>\n<li><a href=\"https:\/\/laespiral.deusto.es\/eu\/author\/benito-elias-garciagmail-com\/\">Benito El\u00edas Garc\u00eda<\/a><\/li>\n<li><a href=\"https:\/\/laespiral.deusto.es\/eu\/author\/vabadaguirre1gmail-com\/\">Biktor Abad<\/a><\/li>\n<li><a href=\"https:\/\/laespiral.deusto.es\/eu\/author\/blancaoraagmail-com\/\">Blanca Oraa Moyua<\/a><\/li>\n<\/ul>\n<hr \/>\n<p><strong><a id=\"c\"><\/a>C<\/strong><\/p>\n<ul>\n<li><a href=\"https:\/\/laespiral.deusto.es\/eu\/author\/carmen-camiruaga\/\">Carmen Camiruaga<\/a><\/li>\n<li><a href=\"https:\/\/laespiral.deusto.es\/eu\/carmen-pardo-2\/\">Carmen Pardo<\/a><\/li>\n<li><a href=\"https:\/\/laespiral.deusto.es\/eu\/author\/carmensanchez57hotmail-es\/\">Carmen M\u00aa S\u00e1nchez<\/a><\/li>\n<li><a href=\"https:\/\/laespiral.deusto.es\/eu\/author\/celia-tueros\/\">Celia Tueros<\/a><\/li>\n<li><a href=\"https:\/\/laespiral.deusto.es\/eu\/author\/redaccionespiral9gmail-com\/\">Clara L\u00f3pez<\/a><\/li>\n<\/ul>\n<hr \/>\n<p><strong><a id=\"d\"><\/a>D<\/strong><\/p>\n<ul>\n<li><a href=\"https:\/\/laespiral.deusto.es\/eu\/author\/dafne-gonzalez\/\">Dafne Gonz\u00e1lez<\/a><\/li>\n<\/ul>\n<hr \/>\n<p><strong><a id=\"e\"><\/a>E<\/strong><\/p>\n<ul>\n<li><a href=\"https:\/\/laespiral.deusto.es\/eu\/author\/eduardo-damborenea\/\">Eduardo Damborenea<\/a><\/li>\n<li><a href=\"https:\/\/laespiral.deusto.es\/eu\/author\/eider-mauleon\/\">Eider Mauleon<\/a><\/li>\n<li><a href=\"https:\/\/laespiral.deusto.es\/eu\/author\/redaccionespiral4gmail-com\/\">El\u00edas Meana<\/a><\/li>\n<li><a href=\"https:\/\/laespiral.deusto.es\/eu\/author\/elvira-susin\/\">Elvira Susin<\/a><\/li>\n<li><a href=\"https:\/\/laespiral.deusto.es\/eu\/author\/emilio-frias\/\">Emilio Fr\u00edas<\/a><\/li>\n<li><a href=\"https:\/\/laespiral.deusto.es\/eu\/author\/emarurialbergmail-com\/\">Ernesto Maruri<\/a><\/li>\n<li><a href=\"https:\/\/laespiral.deusto.es\/eu\/author\/estibaliz-san-sebastian\/\">Est\u00edbaliz San Sebasti\u00e1n<\/a><\/li>\n<li><a href=\"https:\/\/laespiral.deusto.es\/eu\/author\/eva-menacho\/\">Eva Menacho Manzano<\/a><\/li>\n<\/ul>\n<hr \/>\n<p><strong><a id=\"f\"><\/a>F<\/strong><\/p>\n<ul>\n<li><a href=\"https:\/\/laespiral.deusto.es\/eu\/author\/lozalazkanotelefonica-net\/\">Felipe Loza<\/a><\/li>\n<li><a href=\"https:\/\/laespiral.deusto.es\/eu\/author\/belanamurogmail-com\/\">F\u00e9lix Mart\u00ednez Arist\u00edn<\/a><\/li>\n<li><a href=\"https:\/\/laespiral.deusto.es\/eu\/author\/fely-del-fresno\/\">Fely del Fresno<\/a><\/li>\n<li><a href=\"https:\/\/laespiral.deusto.es\/eu\/author\/fer_urbinayahoo-com\/\">Fernando Ortiz de Urbina<\/a><\/li>\n<li><a href=\"https:\/\/laespiral.deusto.es\/eu\/author\/fernando-prieto-salvador\/\">Fernando Prieto Salvador<\/a><\/li>\n<\/ul>\n<hr \/>\n<p><strong><a id=\"g\"><\/a>G<\/strong><\/p>\n<ul>\n<li><a href=\"https:\/\/laespiral.deusto.es\/eu\/author\/goizalde-egiguren\/\">Goizalde Egiguren<\/a><\/li>\n<li><a href=\"https:\/\/laespiral.deusto.es\/eu\/author\/gorki_989hotmail-com\/\">Gorka Ormaetxe<\/a><\/li>\n<li><a href=\"https:\/\/laespiral.deusto.es\/eu\/author\/guillermo-mateo\/\">Guillermo Mateo<\/a><\/li>\n<\/ul>\n<hr \/>\n<p><strong><a id=\"h\"><\/a>H<\/strong><\/p>\n<ul>\n<li><a href=\"https:\/\/laespiral.deusto.es\/eu\/author\/hegoi-d-t\/\">Hegoi<\/a><\/li>\n<\/ul>\n<hr \/>\n<p><strong><a id=\"i\"><\/a>I<\/strong><\/p>\n<ul>\n<li><a href=\"https:\/\/laespiral.deusto.es\/eu\/author\/ianirishhotmail-com\/\">Ianire Sagasti<\/a><\/li>\n<li><a href=\"https:\/\/laespiral.deusto.es\/eu\/author\/idcarramihotmail-com\/\">Idoia Carrami\u00f1ana<\/a><\/li>\n<li><a href=\"https:\/\/laespiral.deusto.es\/eu\/author\/iker-herrero\/\">Iker Herrero<\/a><\/li>\n<li><a href=\"https:\/\/laespiral.deusto.es\/eu\/author\/imanol-izaguirre\/\">Imanol Izaguirre<\/a><\/li>\n<li><a href=\"https:\/\/laespiral.deusto.es\/eu\/author\/inaki-del-olmo-madariaga\/\">I\u00f1aki del Olmo Madariaga<\/a><\/li>\n<li><a href=\"https:\/\/laespiral.deusto.es\/eu\/author\/inigolarroquehotmail-com\/\">I\u00f1igo Larroque<\/a><\/li>\n<li><a href=\"https:\/\/laespiral.deusto.es\/eu\/author\/iosune-de-goni\/\">Iosune de Go\u00f1i<\/a><\/li>\n<li><a href=\"https:\/\/laespiral.deusto.es\/eu\/author\/irati-iturritzahotmail-com\/\">Irati Iturritza Errea<\/a><\/li>\n<li><a href=\"https:\/\/laespiral.deusto.es\/eu\/author\/irene-postigo\/\">Irene Postigo S\u00e1nchez<\/a><\/li>\n<li><a href=\"https:\/\/laespiral.deusto.es\/eu\/author\/itziar-murillas-garcia\/\">Itziar Murillas Garc\u00eda<\/a><\/li>\n<li><a href=\"https:\/\/laespiral.deusto.es\/eu\/author\/redaccionespiral5gmail-com\/\">Itziar Ruiz Ortega<\/a><\/li>\n<\/ul>\n<hr \/>\n<p><strong><a id=\"j\"><\/a>J<\/strong><\/p>\n<ul>\n<li><a href=\"https:\/\/laespiral.deusto.es\/eu\/author\/quimi\/\">Jaime Amann<\/a><\/li>\n<li><a href=\"https:\/\/laespiral.deusto.es\/eu\/author\/javier-goicolea\/\">Javier Goicolea<\/a><\/li>\n<li><a href=\"https:\/\/laespiral.deusto.es\/eu\/author\/javiernebot1956gmail-com\/\">Javier Nebot<\/a><\/li>\n<li><a href=\"https:\/\/laespiral.deusto.es\/eu\/author\/javiromangmail-com\/\">Javier Roman<\/a><\/li>\n<li><a href=\"https:\/\/laespiral.deusto.es\/eu\/author\/san-javiereuskalnet-net\/\">Javier San Salvador del Valle Zarrabeitia<\/a><\/li>\n<li><a href=\"https:\/\/laespiral.deusto.es\/eu\/author\/jimena-larroquelaposte-net\/\">Jimena Larroque Aranguren<\/a><\/li>\n<li><a href=\"https:\/\/laespiral.deusto.es\/eu\/author\/joanes-tovar\/\">Joanes Tovar<\/a><\/li>\n<li><a href=\"https:\/\/laespiral.deusto.es\/eu\/author\/jokin-erkoreka\/\">Jokin Erkoreka<\/a><\/li>\n<li><a href=\"https:\/\/laespiral.deusto.es\/eu\/author\/jhervastranchogmail-com\/\">Jon Herv\u00e1s<\/a><\/li>\n<li><a href=\"https:\/\/laespiral.deusto.es\/eu\/author\/jonatan-caro\/\">Jonatan Caro<\/a><\/li>\n<li><a href=\"https:\/\/laespiral.deusto.es\/eu\/author\/joseangelaresgmail-com\/\">Jos\u00e9 \u00c1ngel Ares Garc\u00eda<\/a><\/li>\n<li><a href=\"https:\/\/laespiral.deusto.es\/eu\/author\/jose-luis-moreno\/\">Jos\u00e9 Luis Moreno<\/a><\/li>\n<li><a href=\"https:\/\/laespiral.deusto.es\/eu\/author\/jose-l\/\">Jos\u00e9 Luis Remis Garc\u00eda<\/a><\/li>\n<li><a href=\"https:\/\/laespiral.deusto.es\/eu\/author\/josebuazhotmail-com\/\">Joseba Ugarte<\/a><\/li>\n<li><a href=\"https:\/\/laespiral.deusto.es\/eu\/author\/josu-belar\/\">Josu Belar<\/a><\/li>\n<li><a href=\"https:\/\/laespiral.deusto.es\/eu\/author\/josu-granja\/\">Josu Granja<\/a><\/li>\n<li><a href=\"https:\/\/laespiral.deusto.es\/eu\/author\/u-julen-agmail-com\/\">Julen Urbina \u00c1lvarez<\/a><\/li>\n<\/ul>\n<hr \/>\n<p><strong><a id=\"k\"><\/a>K<\/strong><\/p>\n<ul>\n<li><a href=\"https:\/\/laespiral.deusto.es\/eu\/author\/karlos-aretxabaleta\/\">Karlos Aretxabaleta<\/a><\/li>\n<li><a href=\"https:\/\/laespiral.deusto.es\/eu\/author\/koldo-edorta-karranza\/\">Koldo Edorta Karranza<\/a><\/li>\n<\/ul>\n<hr \/>\n<p><strong><a id=\"l\"><\/a>L<\/strong><\/p>\n<ul>\n<li><a href=\"https:\/\/laespiral.deusto.es\/eu\/author\/laura-mir\/\">Laura Mir<\/a><\/li>\n<li><a href=\"https:\/\/laespiral.deusto.es\/eu\/author\/lluis90smhotmail-com\/\">Luis Su\u00f1er<\/a><\/li>\n<\/ul>\n<hr \/>\n<p><strong><a id=\"m\"><\/a>M<\/strong><\/p>\n<ul>\n<li><a href=\"https:\/\/laespiral.deusto.es\/eu\/author\/malvi-cruz\/\">Malvina Cruz Renter\u00eda<\/a><\/li>\n<li><a href=\"https:\/\/laespiral.deusto.es\/eu\/author\/manuela\/\">Manuela Marulanda<\/a><\/li>\n<li><a href=\"https:\/\/laespiral.deusto.es\/eu\/author\/marco-borge-y-miguel-suana\/\">Marco Borge y Miguel Sua\u00f1a<\/a><\/li>\n<li><a href=\"https:\/\/laespiral.deusto.es\/eu\/author\/mmboillosdeusto-es\/\">Mari Mar Boillos<\/a><\/li>\n<li><a href=\"https:\/\/laespiral.deusto.es\/eu\/author\/marinadelg\/\">Marina Delgado<\/a><\/li>\n<li><a href=\"https:\/\/laespiral.deusto.es\/eu\/author\/marina-landa\/\">Marina Landa<\/a><\/li>\n<li><a href=\"https:\/\/laespiral.deusto.es\/eu\/author\/marina-urrutia\/\">Marina Urrutia<\/a><\/li>\n<li><a href=\"https:\/\/laespiral.deusto.es\/eu\/author\/lazarosolermartagmail-com\/\">Marta L\u00e1zaro Soler<\/a><\/li>\n<li><a href=\"https:\/\/laespiral.deusto.es\/eu\/author\/redaccionespiralgmail-com\/\">Mart\u00edn Ibarrola<\/a><\/li>\n<li><a href=\"https:\/\/laespiral.deusto.es\/eu\/author\/miguel\/\">Miguel P. Bravo<\/a><\/li>\n<li><a href=\"https:\/\/laespiral.deusto.es\/eu\/author\/mikelmrodagmail-com\/\">Mikel Mart\u00ednez Roda<\/a><\/li>\n<li><a href=\"https:\/\/laespiral.deusto.es\/eu\/author\/mikel-manso\/\">Mikel Manso<\/a><\/li>\n<li><a href=\"https:\/\/laespiral.deusto.es\/eu\/author\/enisobouzogmail-com\/\">Miquel Loiu<\/a><\/li>\n<li><a href=\"https:\/\/laespiral.deusto.es\/eu\/author\/mireia-chouza\/\">Mireia Chouza<\/a><\/li>\n<li><a href=\"https:\/\/laespiral.deusto.es\/eu\/author\/miren-garcia\/\">Miren Bego\u00f1a Garc\u00eda<\/a><\/li>\n<li><a href=\"https:\/\/laespiral.deusto.es\/eu\/author\/miriam-etxebarria\/\">Miriam Etxebarria<\/a><\/li>\n<li><a href=\"https:\/\/laespiral.deusto.es\/eu\/author\/monica-arosteguiehu-eus\/\">M\u00f3nica Arostegui<\/a><\/li>\n<li><a href=\"https:\/\/laespiral.deusto.es\/eu\/author\/eturquiolagmail-com\/\">Monita Aine<\/a><\/li>\n<\/ul>\n<hr \/>\n<p><strong><a id=\"n\"><\/a>N<\/strong><\/p>\n<ul>\n<li><a href=\"https:\/\/laespiral.deusto.es\/eu\/author\/naielibarrolagmail-com\/\">Naiel Ibarrola<\/a><\/li>\n<li><a href=\"https:\/\/laespiral.deusto.es\/eu\/author\/nerea-pedraz\/\">Nerea Pedraz<\/a><\/li>\n<\/ul>\n<hr \/>\n<p><strong><a id=\"o\"><\/a>O<\/strong><\/p>\n<ul>\n<li><a href=\"https:\/\/laespiral.deusto.es\/eu\/author\/oihanafullaondogmail-com\/\">Oihana Fullaondo<\/a><\/li>\n<li><a href=\"https:\/\/laespiral.deusto.es\/eu\/author\/oihane-korresdeusto-es\/\">Oihana Korres<\/a><\/li>\n<li><a href=\"https:\/\/laespiral.deusto.es\/eu\/author\/olga-menendez\/\">Olga Menendez<\/a><\/li>\n<\/ul>\n<hr \/>\n<p><strong><a id=\"p\"><\/a>P<\/strong><\/p>\n<ul>\n<li><a href=\"https:\/\/laespiral.deusto.es\/eu\/author\/redaccionespiral2gmail-com\/\">Pablo Aznar Cristeto<\/a><\/li>\n<li><a href=\"https:\/\/laespiral.deusto.es\/eu\/author\/pzumalacarreguigmail-com\/\">Paula Zumalac\u00e1rregui Mart\u00ednez<\/a><\/li>\n<li><a href=\"https:\/\/laespiral.deusto.es\/eu\/author\/pauless91hotmail-com\/\">Paule San Salvador del Valle Arana<\/a><\/li>\n<li><a href=\"https:\/\/laespiral.deusto.es\/eu\/author\/pedro-azcunaga\/\">Pedro Azcunaga Martinez<\/a><\/li>\n<li><a href=\"https:\/\/laespiral.deusto.es\/eu\/author\/peio\/\">Peio<\/a><\/li>\n<li><a href=\"https:\/\/laespiral.deusto.es\/eu\/author\/pilartxo20gmail-com\/\">Pilar Palacios<\/a><\/li>\n<\/ul>\n<hr \/>\n<p><strong><a id=\"r\"><\/a>R<\/strong><\/p>\n<ul>\n<li><a href=\"https:\/\/laespiral.deusto.es\/eu\/author\/ri-landriscinitelefonica-net\/\">Ricardo Landriscini<\/a><\/li>\n<li><a href=\"https:\/\/laespiral.deusto.es\/eu\/author\/roberto-deras\/\">Roberto Deras<\/a><\/li>\n<li><a href=\"https:\/\/laespiral.deusto.es\/eu\/author\/roi-penta\/\">Roi Penta<\/a><\/li>\n<li><a href=\"https:\/\/laespiral.deusto.es\/eu\/author\/rosa-rubio\/\">Rosa Rubio<\/a><\/li>\n<\/ul>\n<hr \/>\n<p><strong><a id=\"s\"><\/a>S<\/strong><\/p>\n<ul>\n<li><a href=\"https:\/\/laespiral.deusto.es\/eu\/author\/santi_perez_isasiyahoo-es\/\">Santiago P\u00e9rez Isasi<\/a><\/li>\n<li><a href=\"https:\/\/laespiral.deusto.es\/eu\/author\/sarahgutierrez12hotmail-com\/\">Sarah Guti\u00e9rrez Legorburu<\/a><\/li>\n<li><a href=\"https:\/\/laespiral.deusto.es\/eu\/author\/sofia-tamayo\/\">Sof\u00eda Tamayo<\/a><\/li>\n<li><a href=\"https:\/\/laespiral.deusto.es\/eu\/author\/valesiashotmail-com\/\">Soledad Dom\u00ednguez<\/a><\/li>\n<\/ul>\n<hr \/>\n<p><strong><a id=\"u\"><\/a>U<\/strong><\/p>\n<ul>\n<li><a href=\"https:\/\/laespiral.deusto.es\/eu\/author\/urtzi-elorza\/\">Urtzi Elorza<\/a><\/li>\n<\/ul>\n<hr \/>\n<p><strong><a id=\"v\"><\/a>V<\/strong><\/p>\n<ul>\n<li><a href=\"https:\/\/laespiral.deusto.es\/eu\/author\/valeria-roman-marroquin\/\">Valeria Rom\u00e1n Marroqu\u00edn<\/a><\/li>\n<li><a href=\"https:\/\/laespiral.deusto.es\/eu\/author\/victormanuelsanchisgmail-com\/\">V\u00edctor Manuel Sanchis Amat<\/a><\/li>\n<\/ul>\n<hr \/>\n<p><strong><a id=\"z\"><\/a>Z<\/strong><\/p>\n<ul>\n<li><a href=\"https:\/\/laespiral.deusto.es\/eu\/author\/zunbeltz-olague\/\">Zunbeltz Olague<\/a><\/li>\n<\/ul>\n","protected":false},"excerpt":{"rendered":"<p>Bilatu ordena alfabetikoan: A | B | C | D | E | F | G | H | I | J | K | L | M | N | O | P | R | S | U | V | Z A Adri\u00e1n Almeida D\u00edez Aisha Yerga Aitor Seijas Alejandra Saiz Alejandro [&hellip;]<\/p>\n","protected":false},"author":107,"featured_media":0,"parent":3750,"menu_order":0,"comment_status":"closed","ping_status":"closed","template":"","meta":{"om_disable_all_campaigns":false,"_monsterinsights_skip_tracking":false,"_monsterinsights_sitenote_active":false,"_monsterinsights_sitenote_note":"","_monsterinsights_sitenote_category":0,"_uf_show_specific_survey":0,"_uf_disable_surveys":false,"_genesis_hide_title":false,"_genesis_hide_breadcrumbs":false,"_genesis_hide_singular_image":false,"_genesis_hide_footer_widgets":false,"_genesis_custom_body_class":"","_genesis_custom_post_class":"","_genesis_layout":"","footnotes":""},"class_list":{"0":"post-3752","1":"page","2":"type-page","3":"status-publish","5":"entry"},"aioseo_notices":[],"_links":{"self":[{"href":"https:\/\/laespiral.deusto.es\/eu\/wp-json\/wp\/v2\/pages\/3752","targetHints":{"allow":["GET"]}}],"collection":[{"href":"https:\/\/laespiral.deusto.es\/eu\/wp-json\/wp\/v2\/pages"}],"about":[{"href":"https:\/\/laespiral.deusto.es\/eu\/wp-json\/wp\/v2\/types\/page"}],"author":[{"embeddable":true,"href":"https:\/\/laespiral.deusto.es\/eu\/wp-json\/wp\/v2\/users\/107"}],"replies":[{"embeddable":true,"href":"https:\/\/laespiral.deusto.es\/eu\/wp-json\/wp\/v2\/comments?post=3752"}],"version-history":[{"count":13,"href":"https:\/\/laespiral.deusto.es\/eu\/wp-json\/wp\/v2\/pages\/3752\/revisions"}],"predecessor-version":[{"id":5484,"href":"https:\/\/laespiral.deusto.es\/eu\/wp-json\/wp\/v2\/pages\/3752\/revisions\/5484"}],"up":[{"embeddable":true,"href":"https:\/\/laespiral.deusto.es\/eu\/wp-json\/wp\/v2\/pages\/3750"}],"wp:attachment":[{"href":"https:\/\/laespiral.deusto.es\/eu\/wp-json\/wp\/v2\/media?parent=3752"}],"curies":[{"name":"wp","href":"https:\/\/api.w.org\/{rel}","templated":true}]}}